{"id":12,"date":"2014-10-30T23:36:43","date_gmt":"2014-10-30T23:36:43","guid":{"rendered":"http:\/\/text-unlimited.de\/wordpress\/?page_id=12"},"modified":"2024-11-27T09:11:38","modified_gmt":"2024-11-27T08:11:38","slug":"kopf","status":"publish","type":"page","link":"https:\/\/text-unlimited.de\/wordpress\/kopf\/","title":{"rendered":"Profil"},"content":{"rendered":"<h3>Kerstin Bahr<\/h3>\n<p>Kreativer Kommunikations-Profi mit eigenem Label. Lange Zeit Texterin in einer der gr\u00f6\u00dften Agenturen f\u00fcr Kinder- und Familienmarketing mit Schwerpunkt Bildungskommunikation. Seit 2001 als Texterin, Konzeptionerin und Kommunikationsberaterin selbstst\u00e4ndig. Als Ideen-Finder in der grenzenlosen Weite der Produkt- und Markenwelt zu Hause. Besondere Expertise in der \u00d6ffentlichkeitsarbeit und Kommunikation sowie als Website-Coach. <strong>Tipp: <\/strong><strong>Unbedingt beim Wort nehmen!<\/strong><\/p>\n<p><strong>Berufliche Stationen<\/strong><\/p>\n<ul>\n<li>2001\u2013dato\u00a0 \u00a0 Freie Texterin, Konzeptionerin und Kommunikationsexpertin unter dem Label text UNLIMITED<sup>\u00ae<\/sup><\/li>\n<li>2019\u2013dato\u00a0 \u00a0 Marketing und Kommunikation bei den Stadtwerken Winsen (Luhe)<\/li>\n<li>2019\u20132019\u00a0 \u00a0Kommunikationsberaterin bei der Agentur Mann bei\u00dft Hund<\/li>\n<li>2015\u20132018\u00a0 \u00a0Marketingassistenz bei der Joachim Herz Stiftung<\/li>\n<li>2007\u20132011 \u00a0 Konzeptionstexterin bei KB&amp;B \u2013 Family Marketing Experts<\/li>\n<li>2001\u20132004\u00a0\u00a0 Englisch-Coach f\u00fcr Mitarbeiter einer Hamburger Spedition<\/li>\n<li>1991\u20131992\u00a0\u00a0 Moderatorin beim Hamburger Privatsender Jazz Welle Plus<\/li>\n<li>1989\u20131991\u00a0\u00a0 Freie Redakteurin bei OK-Radio, Ltg. Presseauschnittarchiv<\/li>\n<\/ul>\n<p><!--more--><\/p>\n<p><strong>Ausbildung<\/strong><\/p>\n<ul>\n<li>23.03.1994 \u00a0 \u00a0 Hochschulabschluss (M. A.) mit einer Arbeit \u00fcber Langston Hughes<\/li>\n<li>1988\u20131994 \u00a0 \u00a0Studium der Amerikanistik, Anglistik, Germanistik (Uni Hamburg)<\/li>\n<li>1985\u20131988 \u00a0 \u00a0Ausbildung zur Sortimentsbuchh\u00e4ndlerin<\/li>\n<li>1984\u20131985 \u00a0 \u00a0Anglistikstudium an der Universit\u00e4t Hamburg<\/li>\n<li>13.05.1983 \u00a0 \u00a0 Abitur am Gymnasium Hittfeld<\/li>\n<\/ul>\n<p>&nbsp;<\/p>\n","protected":false},"excerpt":{"rendered":"<p>Kerstin Bahr Kreativer Kommunikations-Profi mit eigenem Label. Lange Zeit Texterin in einer der gr\u00f6\u00dften Agenturen f\u00fcr Kinder- und Familienmarketing mit Schwerpunkt Bildungskommunikation. Seit 2001 als Texterin, Konzeptionerin und Kommunikationsberaterin selbstst\u00e4ndig. Als Ideen-Finder in der grenzenlosen Weite der Produkt- und Markenwelt zu Hause. Besondere Expertise in der \u00d6ffentlichkeitsarbeit und Kommunikation sowie als Website-Coach. Tipp: Unbedingt beim &hellip; <a href=\"https:\/\/text-unlimited.de\/wordpress\/kopf\/\" class=\"more-link\"><span class=\"screen-reader-text\">Profil<\/span> weiterlesen<\/a><\/p>\n","protected":false},"author":1,"featured_media":3781,"parent":0,"menu_order":2,"comment_status":"open","ping_status":"open","template":"page-templates\/full-width-page.php","meta":{"footnotes":""},"class_list":["post-12","page","type-page","status-publish","has-post-thumbnail","hentry"],"yoast_head":"<!-- This site is optimized with the Yoast SEO plugin v27.3 - https:\/\/yoast.com\/product\/yoast-seo-wordpress\/ -->\n<title>Profil - text UNLIMITED\u00ae<\/title>\n<meta name=\"description\" content=\"Kerstin Bahr, Kommunikations-Profi und Wort-Akrobatin mit eigenem Label. Lange Zeit Texterin in einer der gr\u00f6\u00dften Agenturen f\u00fcr Kinder- und Familienmarketing\" \/>\n<meta name=\"robots\" content=\"index, follow, max-snippet:-1, max-image-preview:large, max-video-preview:-1\" \/>\n<link rel=\"canonical\" href=\"https:\/\/text-unlimited.de\/wordpress\/kopf\/\" \/>\n<meta property=\"og:locale\" content=\"de_DE\" \/>\n<meta property=\"og:type\" content=\"article\" \/>\n<meta property=\"og:title\" content=\"Profil - text UNLIMITED\u00ae\" \/>\n<meta property=\"og:description\" content=\"Kerstin Bahr, Kommunikations-Profi und Wort-Akrobatin mit eigenem Label. Lange Zeit Texterin in einer der gr\u00f6\u00dften Agenturen f\u00fcr Kinder- und Familienmarketing\" \/>\n<meta property=\"og:url\" content=\"https:\/\/text-unlimited.de\/wordpress\/kopf\/\" \/>\n<meta property=\"og:site_name\" content=\"text UNLIMITED\u00ae\" \/>\n<meta property=\"article:publisher\" content=\"https:\/\/www.facebook.com\/text-UNLIMITED-328580183829213\/\" \/>\n<meta property=\"article:modified_time\" content=\"2024-11-27T08:11:38+00:00\" \/>\n<meta property=\"og:image\" content=\"https:\/\/text-unlimited.de\/wordpress\/wp-content\/uploads\/2018\/09\/Website_Profil_2018.jpg\" \/>\n\t<meta property=\"og:image:width\" content=\"1230\" \/>\n\t<meta property=\"og:image:height\" content=\"820\" \/>\n\t<meta property=\"og:image:type\" content=\"image\/jpeg\" \/>\n<meta name=\"twitter:label1\" content=\"Gesch\u00e4tzte Lesezeit\" \/>\n\t<meta name=\"twitter:data1\" content=\"2\u00a0Minuten\" \/>\n<script type=\"application\/ld+json\" class=\"yoast-schema-graph\">{\"@context\":\"https:\\\/\\\/schema.org\",\"@graph\":[{\"@type\":\"WebPage\",\"@id\":\"https:\\\/\\\/text-unlimited.de\\\/wordpress\\\/kopf\\\/\",\"url\":\"https:\\\/\\\/text-unlimited.de\\\/wordpress\\\/kopf\\\/\",\"name\":\"Profil - text UNLIMITED\u00ae\",\"isPartOf\":{\"@id\":\"https:\\\/\\\/text-unlimited.de\\\/wordpress\\\/#website\"},\"primaryImageOfPage\":{\"@id\":\"https:\\\/\\\/text-unlimited.de\\\/wordpress\\\/kopf\\\/#primaryimage\"},\"image\":{\"@id\":\"https:\\\/\\\/text-unlimited.de\\\/wordpress\\\/kopf\\\/#primaryimage\"},\"thumbnailUrl\":\"https:\\\/\\\/text-unlimited.de\\\/wordpress\\\/wp-content\\\/uploads\\\/2018\\\/09\\\/Website_Profil_2018.jpg\",\"datePublished\":\"2014-10-30T23:36:43+00:00\",\"dateModified\":\"2024-11-27T08:11:38+00:00\",\"description\":\"Kerstin Bahr, Kommunikations-Profi und Wort-Akrobatin mit eigenem Label. Lange Zeit Texterin in einer der gr\u00f6\u00dften Agenturen f\u00fcr Kinder- und Familienmarketing\",\"breadcrumb\":{\"@id\":\"https:\\\/\\\/text-unlimited.de\\\/wordpress\\\/kopf\\\/#breadcrumb\"},\"inLanguage\":\"de\",\"potentialAction\":[{\"@type\":\"ReadAction\",\"target\":[\"https:\\\/\\\/text-unlimited.de\\\/wordpress\\\/kopf\\\/\"]}]},{\"@type\":\"ImageObject\",\"inLanguage\":\"de\",\"@id\":\"https:\\\/\\\/text-unlimited.de\\\/wordpress\\\/kopf\\\/#primaryimage\",\"url\":\"https:\\\/\\\/text-unlimited.de\\\/wordpress\\\/wp-content\\\/uploads\\\/2018\\\/09\\\/Website_Profil_2018.jpg\",\"contentUrl\":\"https:\\\/\\\/text-unlimited.de\\\/wordpress\\\/wp-content\\\/uploads\\\/2018\\\/09\\\/Website_Profil_2018.jpg\",\"width\":1230,\"height\":820},{\"@type\":\"BreadcrumbList\",\"@id\":\"https:\\\/\\\/text-unlimited.de\\\/wordpress\\\/kopf\\\/#breadcrumb\",\"itemListElement\":[{\"@type\":\"ListItem\",\"position\":1,\"name\":\"Home\",\"item\":\"https:\\\/\\\/text-unlimited.de\\\/wordpress\\\/\"},{\"@type\":\"ListItem\",\"position\":2,\"name\":\"Profil\"}]},{\"@type\":\"WebSite\",\"@id\":\"https:\\\/\\\/text-unlimited.de\\\/wordpress\\\/#website\",\"url\":\"https:\\\/\\\/text-unlimited.de\\\/wordpress\\\/\",\"name\":\"text UNLIMITED\u00ae\",\"description\":\"Klartext, Konzeption, Kommunikation\",\"potentialAction\":[{\"@type\":\"SearchAction\",\"target\":{\"@type\":\"EntryPoint\",\"urlTemplate\":\"https:\\\/\\\/text-unlimited.de\\\/wordpress\\\/?s={search_term_string}\"},\"query-input\":{\"@type\":\"PropertyValueSpecification\",\"valueRequired\":true,\"valueName\":\"search_term_string\"}}],\"inLanguage\":\"de\"}]}<\/script>\n<!-- \/ Yoast SEO plugin. -->","yoast_head_json":{"title":"Profil - text UNLIMITED\u00ae","description":"Kerstin Bahr, Kommunikations-Profi und Wort-Akrobatin mit eigenem Label. Lange Zeit Texterin in einer der gr\u00f6\u00dften Agenturen f\u00fcr Kinder- und Familienmarketing","robots":{"index":"index","follow":"follow","max-snippet":"max-snippet:-1","max-image-preview":"max-image-preview:large","max-video-preview":"max-video-preview:-1"},"canonical":"https:\/\/text-unlimited.de\/wordpress\/kopf\/","og_locale":"de_DE","og_type":"article","og_title":"Profil - text UNLIMITED\u00ae","og_description":"Kerstin Bahr, Kommunikations-Profi und Wort-Akrobatin mit eigenem Label. Lange Zeit Texterin in einer der gr\u00f6\u00dften Agenturen f\u00fcr Kinder- und Familienmarketing","og_url":"https:\/\/text-unlimited.de\/wordpress\/kopf\/","og_site_name":"text UNLIMITED\u00ae","article_publisher":"https:\/\/www.facebook.com\/text-UNLIMITED-328580183829213\/","article_modified_time":"2024-11-27T08:11:38+00:00","og_image":[{"width":1230,"height":820,"url":"https:\/\/text-unlimited.de\/wordpress\/wp-content\/uploads\/2018\/09\/Website_Profil_2018.jpg","type":"image\/jpeg"}],"twitter_misc":{"Gesch\u00e4tzte Lesezeit":"2\u00a0Minuten"},"schema":{"@context":"https:\/\/schema.org","@graph":[{"@type":"WebPage","@id":"https:\/\/text-unlimited.de\/wordpress\/kopf\/","url":"https:\/\/text-unlimited.de\/wordpress\/kopf\/","name":"Profil - text UNLIMITED\u00ae","isPartOf":{"@id":"https:\/\/text-unlimited.de\/wordpress\/#website"},"primaryImageOfPage":{"@id":"https:\/\/text-unlimited.de\/wordpress\/kopf\/#primaryimage"},"image":{"@id":"https:\/\/text-unlimited.de\/wordpress\/kopf\/#primaryimage"},"thumbnailUrl":"https:\/\/text-unlimited.de\/wordpress\/wp-content\/uploads\/2018\/09\/Website_Profil_2018.jpg","datePublished":"2014-10-30T23:36:43+00:00","dateModified":"2024-11-27T08:11:38+00:00","description":"Kerstin Bahr, Kommunikations-Profi und Wort-Akrobatin mit eigenem Label. Lange Zeit Texterin in einer der gr\u00f6\u00dften Agenturen f\u00fcr Kinder- und Familienmarketing","breadcrumb":{"@id":"https:\/\/text-unlimited.de\/wordpress\/kopf\/#breadcrumb"},"inLanguage":"de","potentialAction":[{"@type":"ReadAction","target":["https:\/\/text-unlimited.de\/wordpress\/kopf\/"]}]},{"@type":"ImageObject","inLanguage":"de","@id":"https:\/\/text-unlimited.de\/wordpress\/kopf\/#primaryimage","url":"https:\/\/text-unlimited.de\/wordpress\/wp-content\/uploads\/2018\/09\/Website_Profil_2018.jpg","contentUrl":"https:\/\/text-unlimited.de\/wordpress\/wp-content\/uploads\/2018\/09\/Website_Profil_2018.jpg","width":1230,"height":820},{"@type":"BreadcrumbList","@id":"https:\/\/text-unlimited.de\/wordpress\/kopf\/#breadcrumb","itemListElement":[{"@type":"ListItem","position":1,"name":"Home","item":"https:\/\/text-unlimited.de\/wordpress\/"},{"@type":"ListItem","position":2,"name":"Profil"}]},{"@type":"WebSite","@id":"https:\/\/text-unlimited.de\/wordpress\/#website","url":"https:\/\/text-unlimited.de\/wordpress\/","name":"text UNLIMITED\u00ae","description":"Klartext, Konzeption, Kommunikation","potentialAction":[{"@type":"SearchAction","target":{"@type":"EntryPoint","urlTemplate":"https:\/\/text-unlimited.de\/wordpress\/?s={search_term_string}"},"query-input":{"@type":"PropertyValueSpecification","valueRequired":true,"valueName":"search_term_string"}}],"inLanguage":"de"}]}},"_links":{"self":[{"href":"https:\/\/text-unlimited.de\/wordpress\/wp-json\/wp\/v2\/pages\/12","targetHints":{"allow":["GET"]}}],"collection":[{"href":"https:\/\/text-unlimited.de\/wordpress\/wp-json\/wp\/v2\/pages"}],"about":[{"href":"https:\/\/text-unlimited.de\/wordpress\/wp-json\/wp\/v2\/types\/page"}],"author":[{"embeddable":true,"href":"https:\/\/text-unlimited.de\/wordpress\/wp-json\/wp\/v2\/users\/1"}],"replies":[{"embeddable":true,"href":"https:\/\/text-unlimited.de\/wordpress\/wp-json\/wp\/v2\/comments?post=12"}],"version-history":[{"count":88,"href":"https:\/\/text-unlimited.de\/wordpress\/wp-json\/wp\/v2\/pages\/12\/revisions"}],"predecessor-version":[{"id":5362,"href":"https:\/\/text-unlimited.de\/wordpress\/wp-json\/wp\/v2\/pages\/12\/revisions\/5362"}],"wp:featuredmedia":[{"embeddable":true,"href":"https:\/\/text-unlimited.de\/wordpress\/wp-json\/wp\/v2\/media\/3781"}],"wp:attachment":[{"href":"https:\/\/text-unlimited.de\/wordpress\/wp-json\/wp\/v2\/media?parent=12"}],"curies":[{"name":"wp","href":"https:\/\/api.w.org\/{rel}","templated":true}]}}