{"id":29,"date":"2014-11-02T18:16:27","date_gmt":"2014-11-02T18:16:27","guid":{"rendered":"http:\/\/text-unlimited.de\/wordpress\/?page_id=29"},"modified":"2018-08-01T22:49:48","modified_gmt":"2018-08-01T22:49:48","slug":"impressum","status":"publish","type":"page","link":"https:\/\/text-unlimited.de\/wordpress\/impressum\/","title":{"rendered":"Impressum"},"content":{"rendered":"<h2>Impressum<\/h2>\n<h3><strong>Copyright<\/strong><\/h3>\n<p>Alle Seiten dieser Site \u2013 inklusive Inhalte, Bilder und Dateien \u2013 sind urheberrechtlich gesch\u00fctzt und d\u00fcrfen nicht ohne Zustimmung der Rechtsinhaberin \u00a9\u00a0text\u00a0UNLIMITED\u00ae, Kerstin Bahr verwendet werden.\u00a0Links auf diese Seiten d\u00fcrfen nach Absprache gerne vorgenommen werden.<\/p>\n<p>Redaktion: \u00a9\u00a0text\u00a0UNLIMITED\u00ae, Kerstin Bahr, Bahnhofstra\u00dfe 65 a, 21218, Seevetal<br \/>\nCMS: wordpress.org \/ <a title=\"Learn more about this theme\" href=\"https:\/\/wordpress.com\/themes\/edin\/\">The Edin Theme<\/a> by <a href=\"http:\/\/wordpress.com\/themes\/\" rel=\"designer\">WordPress.com<\/a>.<br \/>\nBildmaterial: \u00a9\u00a0<a title=\"externer Verweis auf www.istockphoto.com\" href=\"http:\/\/www.istockphoto.com\/\" target=\"_blank\" rel=\"noopener\">istockphoto<\/a>,\u00a0<a title=\"externer Verweis auf www.fotolia.de\" href=\"http:\/\/www.fotolia.de\/\" target=\"_blank\" rel=\"noopener\">fotolia.de<\/a>, Kerstin Bahr<\/p>\n<p>Trotz sorgf\u00e4ltiger inhaltlicher Kontrolle \u00fcbernimmt die Rechtsinhaberin keine Verantwortung f\u00fcr die Inhalte externer Links. F\u00fcr den Inhalt der verlinkten Seiten sind ausschlie\u00dflich deren Betreiber verantwortlich.<\/p>\n<h3><strong>Urheberrecht Marken, Foto- und Bildmaterial<\/strong><\/h3>\n<p>Alle auf diesen Seiten genannten Marken, Warenzeichen, Bilder und Logos sind Eigentum der jeweiligen Hersteller und\/oder Rechteinhaber. Es bestehen keine gesellschaftsrechtlichen Verbindungen.<\/p>\n<h3>Realisation<\/h3>\n<p>Grafik-Design, Illustration: Gabi Haramina<\/p>\n<p>Web-Design, Programmierung: Alice Isabella Knoll<\/p>\n","protected":false},"excerpt":{"rendered":"<p>Impressum Copyright Alle Seiten dieser Site \u2013 inklusive Inhalte, Bilder und Dateien \u2013 sind urheberrechtlich gesch\u00fctzt und d\u00fcrfen nicht ohne Zustimmung der Rechtsinhaberin \u00a9\u00a0text\u00a0UNLIMITED\u00ae, Kerstin Bahr verwendet werden.\u00a0Links auf diese Seiten d\u00fcrfen nach Absprache gerne vorgenommen werden. Redaktion: \u00a9\u00a0text\u00a0UNLIMITED\u00ae, Kerstin Bahr, Bahnhofstra\u00dfe 65 a, 21218, Seevetal CMS: wordpress.org \/ The Edin Theme by WordPress.com. Bildmaterial: &hellip; <a href=\"https:\/\/text-unlimited.de\/wordpress\/impressum\/\" class=\"more-link\"><span class=\"screen-reader-text\">Impressum<\/span> weiterlesen<\/a><\/p>\n","protected":false},"author":1,"featured_media":0,"parent":0,"menu_order":0,"comment_status":"open","ping_status":"open","template":"page-templates\/full-width-page.php","meta":{"footnotes":""},"class_list":["post-29","page","type-page","status-publish","hentry"],"yoast_head":"<!-- This site is optimized with the Yoast SEO plugin v27.3 - https:\/\/yoast.com\/product\/yoast-seo-wordpress\/ -->\n<title>Impressum - text UNLIMITED\u00ae<\/title>\n<meta name=\"description\" content=\"Redaktion: \u00a9 text UNLIMITED\u00ae, Kerstin Bahr\" \/>\n<meta name=\"robots\" content=\"index, follow, max-snippet:-1, max-image-preview:large, max-video-preview:-1\" \/>\n<link rel=\"canonical\" href=\"https:\/\/text-unlimited.de\/wordpress\/impressum\/\" \/>\n<meta property=\"og:locale\" content=\"de_DE\" \/>\n<meta property=\"og:type\" content=\"article\" \/>\n<meta property=\"og:title\" content=\"Impressum - text UNLIMITED\u00ae\" \/>\n<meta property=\"og:description\" content=\"Redaktion: \u00a9 text UNLIMITED\u00ae, Kerstin Bahr\" \/>\n<meta property=\"og:url\" content=\"https:\/\/text-unlimited.de\/wordpress\/impressum\/\" \/>\n<meta property=\"og:site_name\" content=\"text UNLIMITED\u00ae\" \/>\n<meta property=\"article:publisher\" content=\"https:\/\/www.facebook.com\/text-UNLIMITED-328580183829213\/\" \/>\n<meta property=\"article:modified_time\" content=\"2018-08-01T22:49:48+00:00\" \/>\n<meta name=\"twitter:label1\" content=\"Gesch\u00e4tzte Lesezeit\" \/>\n\t<meta name=\"twitter:data1\" content=\"1\u00a0Minute\" \/>\n<script type=\"application\/ld+json\" class=\"yoast-schema-graph\">{\"@context\":\"https:\\\/\\\/schema.org\",\"@graph\":[{\"@type\":\"WebPage\",\"@id\":\"https:\\\/\\\/text-unlimited.de\\\/wordpress\\\/impressum\\\/\",\"url\":\"https:\\\/\\\/text-unlimited.de\\\/wordpress\\\/impressum\\\/\",\"name\":\"Impressum - text UNLIMITED\u00ae\",\"isPartOf\":{\"@id\":\"https:\\\/\\\/text-unlimited.de\\\/wordpress\\\/#website\"},\"datePublished\":\"2014-11-02T18:16:27+00:00\",\"dateModified\":\"2018-08-01T22:49:48+00:00\",\"description\":\"Redaktion: \u00a9 text UNLIMITED\u00ae, Kerstin Bahr\",\"breadcrumb\":{\"@id\":\"https:\\\/\\\/text-unlimited.de\\\/wordpress\\\/impressum\\\/#breadcrumb\"},\"inLanguage\":\"de\",\"potentialAction\":[{\"@type\":\"ReadAction\",\"target\":[\"https:\\\/\\\/text-unlimited.de\\\/wordpress\\\/impressum\\\/\"]}]},{\"@type\":\"BreadcrumbList\",\"@id\":\"https:\\\/\\\/text-unlimited.de\\\/wordpress\\\/impressum\\\/#breadcrumb\",\"itemListElement\":[{\"@type\":\"ListItem\",\"position\":1,\"name\":\"Home\",\"item\":\"https:\\\/\\\/text-unlimited.de\\\/wordpress\\\/\"},{\"@type\":\"ListItem\",\"position\":2,\"name\":\"Impressum\"}]},{\"@type\":\"WebSite\",\"@id\":\"https:\\\/\\\/text-unlimited.de\\\/wordpress\\\/#website\",\"url\":\"https:\\\/\\\/text-unlimited.de\\\/wordpress\\\/\",\"name\":\"text UNLIMITED\u00ae\",\"description\":\"Klartext, Konzeption, Kommunikation\",\"potentialAction\":[{\"@type\":\"SearchAction\",\"target\":{\"@type\":\"EntryPoint\",\"urlTemplate\":\"https:\\\/\\\/text-unlimited.de\\\/wordpress\\\/?s={search_term_string}\"},\"query-input\":{\"@type\":\"PropertyValueSpecification\",\"valueRequired\":true,\"valueName\":\"search_term_string\"}}],\"inLanguage\":\"de\"}]}<\/script>\n<!-- \/ Yoast SEO plugin. -->","yoast_head_json":{"title":"Impressum - text UNLIMITED\u00ae","description":"Redaktion: \u00a9 text UNLIMITED\u00ae, Kerstin Bahr","robots":{"index":"index","follow":"follow","max-snippet":"max-snippet:-1","max-image-preview":"max-image-preview:large","max-video-preview":"max-video-preview:-1"},"canonical":"https:\/\/text-unlimited.de\/wordpress\/impressum\/","og_locale":"de_DE","og_type":"article","og_title":"Impressum - text UNLIMITED\u00ae","og_description":"Redaktion: \u00a9 text UNLIMITED\u00ae, Kerstin Bahr","og_url":"https:\/\/text-unlimited.de\/wordpress\/impressum\/","og_site_name":"text UNLIMITED\u00ae","article_publisher":"https:\/\/www.facebook.com\/text-UNLIMITED-328580183829213\/","article_modified_time":"2018-08-01T22:49:48+00:00","twitter_misc":{"Gesch\u00e4tzte Lesezeit":"1\u00a0Minute"},"schema":{"@context":"https:\/\/schema.org","@graph":[{"@type":"WebPage","@id":"https:\/\/text-unlimited.de\/wordpress\/impressum\/","url":"https:\/\/text-unlimited.de\/wordpress\/impressum\/","name":"Impressum - text UNLIMITED\u00ae","isPartOf":{"@id":"https:\/\/text-unlimited.de\/wordpress\/#website"},"datePublished":"2014-11-02T18:16:27+00:00","dateModified":"2018-08-01T22:49:48+00:00","description":"Redaktion: \u00a9 text UNLIMITED\u00ae, Kerstin Bahr","breadcrumb":{"@id":"https:\/\/text-unlimited.de\/wordpress\/impressum\/#breadcrumb"},"inLanguage":"de","potentialAction":[{"@type":"ReadAction","target":["https:\/\/text-unlimited.de\/wordpress\/impressum\/"]}]},{"@type":"BreadcrumbList","@id":"https:\/\/text-unlimited.de\/wordpress\/impressum\/#breadcrumb","itemListElement":[{"@type":"ListItem","position":1,"name":"Home","item":"https:\/\/text-unlimited.de\/wordpress\/"},{"@type":"ListItem","position":2,"name":"Impressum"}]},{"@type":"WebSite","@id":"https:\/\/text-unlimited.de\/wordpress\/#website","url":"https:\/\/text-unlimited.de\/wordpress\/","name":"text UNLIMITED\u00ae","description":"Klartext, Konzeption, Kommunikation","potentialAction":[{"@type":"SearchAction","target":{"@type":"EntryPoint","urlTemplate":"https:\/\/text-unlimited.de\/wordpress\/?s={search_term_string}"},"query-input":{"@type":"PropertyValueSpecification","valueRequired":true,"valueName":"search_term_string"}}],"inLanguage":"de"}]}},"_links":{"self":[{"href":"https:\/\/text-unlimited.de\/wordpress\/wp-json\/wp\/v2\/pages\/29","targetHints":{"allow":["GET"]}}],"collection":[{"href":"https:\/\/text-unlimited.de\/wordpress\/wp-json\/wp\/v2\/pages"}],"about":[{"href":"https:\/\/text-unlimited.de\/wordpress\/wp-json\/wp\/v2\/types\/page"}],"author":[{"embeddable":true,"href":"https:\/\/text-unlimited.de\/wordpress\/wp-json\/wp\/v2\/users\/1"}],"replies":[{"embeddable":true,"href":"https:\/\/text-unlimited.de\/wordpress\/wp-json\/wp\/v2\/comments?post=29"}],"version-history":[{"count":18,"href":"https:\/\/text-unlimited.de\/wordpress\/wp-json\/wp\/v2\/pages\/29\/revisions"}],"predecessor-version":[{"id":3757,"href":"https:\/\/text-unlimited.de\/wordpress\/wp-json\/wp\/v2\/pages\/29\/revisions\/3757"}],"wp:attachment":[{"href":"https:\/\/text-unlimited.de\/wordpress\/wp-json\/wp\/v2\/media?parent=29"}],"curies":[{"name":"wp","href":"https:\/\/api.w.org\/{rel}","templated":true}]}}